{"id":3597,"date":"2026-04-09T12:16:32","date_gmt":"2026-04-09T10:16:32","guid":{"rendered":"https:\/\/boutique.hautehorlogerie.org\/?page_id=3597"},"modified":"2026-04-09T12:21:12","modified_gmt":"2026-04-09T10:21:12","slug":"open-sessions","status":"publish","type":"page","link":"https:\/\/boutique.hautehorlogerie.org\/fr\/open-sessions\/","title":{"rendered":"Open Sessions"},"content":{"rendered":"\n<figure class=\"wp-block-image size-full\"><img loading=\"lazy\" decoding=\"async\" width=\"1024\" height=\"1024\" src=\"https:\/\/boutique.hautehorlogerie.org\/app\/uploads\/2026\/04\/open-sessions-1024x1024-1.jpg\" alt=\"\" class=\"wp-image-3594\" srcset=\"https:\/\/boutique.hautehorlogerie.org\/app\/uploads\/2026\/04\/open-sessions-1024x1024-1.jpg 1024w, https:\/\/boutique.hautehorlogerie.org\/app\/uploads\/2026\/04\/open-sessions-1024x1024-1-300x300.jpg 300w, https:\/\/boutique.hautehorlogerie.org\/app\/uploads\/2026\/04\/open-sessions-1024x1024-1-150x150.jpg 150w, https:\/\/boutique.hautehorlogerie.org\/app\/uploads\/2026\/04\/open-sessions-1024x1024-1-768x768.jpg 768w, https:\/\/boutique.hautehorlogerie.org\/app\/uploads\/2026\/04\/open-sessions-1024x1024-1-562x562.jpg 562w, https:\/\/boutique.hautehorlogerie.org\/app\/uploads\/2026\/04\/open-sessions-1024x1024-1-100x100.jpg 100w\" sizes=\"auto, (max-width: 1024px) 100vw, 1024px\" \/><\/figure>\n\n\n\n<p class=\"has-text-align-center\">La FHH Academy propose d\u00e9sormais des open sessions permettant \u00e0 tout un chacun de participer \u00e0 nos cours et de passer la FHH Certification. Disponibles en anglais ou en fran\u00e7ais, les sessions vous donneront acc\u00e8s aux NIVEAU 1, NIVEAU 2 et NIVEAU 3 de notre cursus certifiant.<\/p>\n","protected":false},"excerpt":{"rendered":"<p>La FHH Academy propose d\u00e9sormais des open sessions permettant \u00e0 tout un chacun de participer \u00e0 nos cours et de passer la FHH Certification. Disponibles en anglais ou en fran\u00e7ais, les sessions vous donneront acc\u00e8s aux NIVEAU 1, NIVEAU 2 et NIVEAU 3 de notre cursus certifiant.<\/p>\n","protected":false},"author":1,"featured_media":0,"parent":0,"menu_order":0,"comment_status":"closed","ping_status":"closed","template":"","meta":{"_acf_changed":false,"footnotes":""},"class_list":["post-3597","page","type-page","status-publish","hentry"],"acf":[],"_links":{"self":[{"href":"https:\/\/boutique.hautehorlogerie.org\/fr\/wp-json\/wp\/v2\/pages\/3597","targetHints":{"allow":["GET"]}}],"collection":[{"href":"https:\/\/boutique.hautehorlogerie.org\/fr\/wp-json\/wp\/v2\/pages"}],"about":[{"href":"https:\/\/boutique.hautehorlogerie.org\/fr\/wp-json\/wp\/v2\/types\/page"}],"author":[{"embeddable":true,"href":"https:\/\/boutique.hautehorlogerie.org\/fr\/wp-json\/wp\/v2\/users\/1"}],"replies":[{"embeddable":true,"href":"https:\/\/boutique.hautehorlogerie.org\/fr\/wp-json\/wp\/v2\/comments?post=3597"}],"version-history":[{"count":1,"href":"https:\/\/boutique.hautehorlogerie.org\/fr\/wp-json\/wp\/v2\/pages\/3597\/revisions"}],"predecessor-version":[{"id":3598,"href":"https:\/\/boutique.hautehorlogerie.org\/fr\/wp-json\/wp\/v2\/pages\/3597\/revisions\/3598"}],"wp:attachment":[{"href":"https:\/\/boutique.hautehorlogerie.org\/fr\/wp-json\/wp\/v2\/media?parent=3597"}],"curies":[{"name":"wp","href":"https:\/\/api.w.org\/{rel}","templated":true}]}}