{"id":454,"date":"2024-07-16T12:20:32","date_gmt":"2024-07-16T10:20:32","guid":{"rendered":"https:\/\/boutique.hautehorlogerie.org\/certifications\/"},"modified":"2025-06-20T18:53:44","modified_gmt":"2025-06-20T16:53:44","slug":"certification","status":"publish","type":"page","link":"https:\/\/boutique.hautehorlogerie.org\/fr\/certification\/","title":{"rendered":"Certification"},"content":{"rendered":"\n<div style=\"height:28px\" aria-hidden=\"true\" class=\"wp-block-spacer\"><\/div>\n\n\n\n<div class=\"wp-block-columns is-layout-flex wp-container-core-columns-is-layout-28f84493 wp-block-columns-is-layout-flex\">\n<div class=\"wp-block-column is-layout-flow wp-block-column-is-layout-flow\">\n<figure class=\"wp-block-image size-large\"><img loading=\"lazy\" decoding=\"async\" width=\"1024\" height=\"778\" src=\"https:\/\/boutique.hautehorlogerie.org\/app\/uploads\/2025\/06\/CERTIFICATION_3xLauriers-1024x778.png\" alt=\"\" class=\"wp-image-1263\" srcset=\"https:\/\/boutique.hautehorlogerie.org\/app\/uploads\/2025\/06\/CERTIFICATION_3xLauriers-1024x778.png 1024w, https:\/\/boutique.hautehorlogerie.org\/app\/uploads\/2025\/06\/CERTIFICATION_3xLauriers-300x228.png 300w, https:\/\/boutique.hautehorlogerie.org\/app\/uploads\/2025\/06\/CERTIFICATION_3xLauriers-768x583.png 768w, https:\/\/boutique.hautehorlogerie.org\/app\/uploads\/2025\/06\/CERTIFICATION_3xLauriers-1536x1167.png 1536w, https:\/\/boutique.hautehorlogerie.org\/app\/uploads\/2025\/06\/CERTIFICATION_3xLauriers-562x427.png 562w, https:\/\/boutique.hautehorlogerie.org\/app\/uploads\/2025\/06\/CERTIFICATION_3xLauriers.png 1697w\" sizes=\"auto, (max-width: 1024px) 100vw, 1024px\" \/><\/figure>\n<\/div>\n\n\n\n<div class=\"wp-block-column is-vertically-aligned-center is-layout-flow wp-block-column-is-layout-flow\">\n<p><strong>La Fondation Haute Horlogerie d\u00e9livre la seule certification internationalement reconnue en mati\u00e8re de connaissances th\u00e9oriques horlog\u00e8res :&nbsp;la FHH Certification, r\u00e9partie sur trois niveaux.<\/strong><\/p>\n\n\n\n<p>Niveau 1 : FHH Watch Advisor <br>Niveau 2 : FHH Watch Specialist <br>Niveau 3 : FHH Watch Expert <\/p>\n\n\n\n<p><br><strong>Pourquoi la FHH Certification?<\/strong><br><br>\u2192 Obtenir une certification mondialement reconnue<br>\u2192 D\u00e9montrer ses comp\u00e9tences sur le march\u00e9<br>\u2192 Stimuler sa carri\u00e8re dans l\u2019industrie horlog\u00e8re<\/p>\n<\/div>\n<\/div>\n\n\n\n<div style=\"height:28px\" aria-hidden=\"true\" class=\"wp-block-spacer\"><\/div>\n\n\n\n<div class=\"wp-block-columns is-layout-flex wp-container-core-columns-is-layout-28f84493 wp-block-columns-is-layout-flex\">\n<div class=\"wp-block-column is-vertically-aligned-center is-layout-flow wp-block-column-is-layout-flow\">\n<p><strong>En tout lieu<\/strong><\/p>\n\n\n\n<p><br>Le test se d\u00e9roule en ligne et peut \u00eatre pass\u00e9 depuis n&rsquo;importe quel endroit. Vous pourrez choisir l&rsquo;horaire qui vous convient le mieux parmi un choix de sessions ouvertes qui ont lieu pendant les jours ouvrables.<\/p>\n\n\n\n<p><br>Vous pourrez \u00e9galement choisir le niveau que vous souhaitez passer, sans pr\u00e9requis.<\/p>\n<\/div>\n\n\n\n<div class=\"wp-block-column is-layout-flow wp-block-column-is-layout-flow\">\n<figure class=\"wp-block-image size-full\"><img loading=\"lazy\" decoding=\"async\" width=\"616\" height=\"619\" src=\"https:\/\/boutique.hautehorlogerie.org\/app\/uploads\/2025\/06\/Bundle-carre.png\" alt=\"\" class=\"wp-image-1279\" srcset=\"https:\/\/boutique.hautehorlogerie.org\/app\/uploads\/2025\/06\/Bundle-carre.png 616w, https:\/\/boutique.hautehorlogerie.org\/app\/uploads\/2025\/06\/Bundle-carre-300x300.png 300w, https:\/\/boutique.hautehorlogerie.org\/app\/uploads\/2025\/06\/Bundle-carre-150x150.png 150w, https:\/\/boutique.hautehorlogerie.org\/app\/uploads\/2025\/06\/Bundle-carre-562x565.png 562w, https:\/\/boutique.hautehorlogerie.org\/app\/uploads\/2025\/06\/Bundle-carre-100x100.png 100w\" sizes=\"auto, (max-width: 616px) 100vw, 616px\" \/><\/figure>\n<\/div>\n<\/div>\n\n\n\n<div style=\"height:80px\" aria-hidden=\"true\" class=\"wp-block-spacer\"><\/div>\n\n\n\n<h2 class=\"wp-block-heading has-text-align-center\">LES TESTS DE CERTIFICATION<\/h2>\n\n\n\n<div style=\"height:50px\" aria-hidden=\"true\" class=\"wp-block-spacer\"><\/div>\n\n\n\n<div class=\"wp-block-columns is-layout-flex wp-container-core-columns-is-layout-28f84493 wp-block-columns-is-layout-flex\">\n<div class=\"wp-block-column is-layout-flow wp-block-column-is-layout-flow\">\n<figure class=\"wp-block-image size-large\"><img loading=\"lazy\" decoding=\"async\" width=\"1024\" height=\"1024\" src=\"https:\/\/boutique.hautehorlogerie.org\/app\/uploads\/2024\/07\/Watch-Advisor-FR-1024x1024.jpg\" alt=\"\" class=\"wp-image-1250\" srcset=\"https:\/\/boutique.hautehorlogerie.org\/app\/uploads\/2024\/07\/Watch-Advisor-FR-1024x1024.jpg 1024w, https:\/\/boutique.hautehorlogerie.org\/app\/uploads\/2024\/07\/Watch-Advisor-FR-300x300.jpg 300w, https:\/\/boutique.hautehorlogerie.org\/app\/uploads\/2024\/07\/Watch-Advisor-FR-150x150.jpg 150w, https:\/\/boutique.hautehorlogerie.org\/app\/uploads\/2024\/07\/Watch-Advisor-FR-768x768.jpg 768w, https:\/\/boutique.hautehorlogerie.org\/app\/uploads\/2024\/07\/Watch-Advisor-FR-562x562.jpg 562w, https:\/\/boutique.hautehorlogerie.org\/app\/uploads\/2024\/07\/Watch-Advisor-FR-100x100.jpg 100w, https:\/\/boutique.hautehorlogerie.org\/app\/uploads\/2024\/07\/Watch-Advisor-FR.jpg 1200w\" sizes=\"auto, (max-width: 1024px) 100vw, 1024px\" \/><\/figure>\n<\/div>\n\n\n\n<div class=\"wp-block-column is-vertically-aligned-center is-layout-flow wp-block-column-is-layout-flow\">\n<h2 class=\"wp-block-heading\"><strong>Le premier niveau : &nbsp;<\/strong><br><strong>FHH Watch Advisor<\/strong><\/h2>\n\n\n\n<p>Le niveau FHH Watch Advisor est consid\u00e9r\u00e9 comme le niveau d&rsquo;entr\u00e9e, aucune connaissance pr\u00e9alable n&rsquo;est n\u00e9cessaire.<\/p>\n\n\n\n<div class=\"wp-block-group is-vertical is-content-justification-left is-layout-flex wp-container-core-group-is-layout-dd225191 wp-block-group-is-layout-flex\">\n<div class=\"wp-block-buttons is-layout-flex wp-block-buttons-is-layout-flex\">\n<div class=\"wp-block-button\"><a class=\"wp-block-button__link wp-element-button\" href=\"https:\/\/boutique.hautehorlogerie.org\/fr\/boutique\/test-fhh-watch-advisor\/\" style=\"border-radius:0px\">En savoir plus<\/a><\/div>\n<\/div>\n<\/div>\n<\/div>\n<\/div>\n\n\n\n<div style=\"height:28px\" aria-hidden=\"true\" class=\"wp-block-spacer\"><\/div>\n\n\n\n<div class=\"wp-block-columns is-layout-flex wp-container-core-columns-is-layout-28f84493 wp-block-columns-is-layout-flex\">\n<div class=\"wp-block-column is-vertically-aligned-center is-layout-flow wp-block-column-is-layout-flow\">\n<h2 class=\"wp-block-heading\"><strong>Le deuxi\u00e8me niveau : &nbsp;<\/strong><br><strong>FHH Watch Specialist<\/strong><\/h2>\n\n\n\n<p>Le niveau FHH Watch Specialist approfondit les bases et introduit les principales complications horlog\u00e8res.<\/p>\n\n\n\n<div class=\"wp-block-group is-vertical is-content-justification-left is-layout-flex wp-container-core-group-is-layout-dd225191 wp-block-group-is-layout-flex\">\n<div class=\"wp-block-buttons is-content-justification-left is-layout-flex wp-container-core-buttons-is-layout-6a42c07d wp-block-buttons-is-layout-flex\">\n<div class=\"wp-block-button\"><a class=\"wp-block-button__link wp-element-button\" href=\"https:\/\/boutique.hautehorlogerie.org\/fr\/boutique\/test-fhh-watch-specialist\/\" style=\"border-radius:0px\">En savoir plus<\/a><\/div>\n<\/div>\n<\/div>\n<\/div>\n\n\n\n<div class=\"wp-block-column is-layout-flow wp-block-column-is-layout-flow\">\n<figure class=\"wp-block-image size-large\"><img loading=\"lazy\" decoding=\"async\" width=\"1024\" height=\"1024\" src=\"https:\/\/boutique.hautehorlogerie.org\/app\/uploads\/2024\/07\/Watch-Specialist-FR-1024x1024.jpg\" alt=\"\" class=\"wp-image-1246\" srcset=\"https:\/\/boutique.hautehorlogerie.org\/app\/uploads\/2024\/07\/Watch-Specialist-FR-1024x1024.jpg 1024w, https:\/\/boutique.hautehorlogerie.org\/app\/uploads\/2024\/07\/Watch-Specialist-FR-300x300.jpg 300w, https:\/\/boutique.hautehorlogerie.org\/app\/uploads\/2024\/07\/Watch-Specialist-FR-150x150.jpg 150w, https:\/\/boutique.hautehorlogerie.org\/app\/uploads\/2024\/07\/Watch-Specialist-FR-768x768.jpg 768w, https:\/\/boutique.hautehorlogerie.org\/app\/uploads\/2024\/07\/Watch-Specialist-FR-562x562.jpg 562w, https:\/\/boutique.hautehorlogerie.org\/app\/uploads\/2024\/07\/Watch-Specialist-FR-100x100.jpg 100w, https:\/\/boutique.hautehorlogerie.org\/app\/uploads\/2024\/07\/Watch-Specialist-FR.jpg 1200w\" sizes=\"auto, (max-width: 1024px) 100vw, 1024px\" \/><\/figure>\n<\/div>\n<\/div>\n\n\n\n<div style=\"height:28px\" aria-hidden=\"true\" class=\"wp-block-spacer\"><\/div>\n\n\n\n<div class=\"wp-block-columns is-layout-flex wp-container-core-columns-is-layout-28f84493 wp-block-columns-is-layout-flex\">\n<div class=\"wp-block-column is-layout-flow wp-block-column-is-layout-flow\">\n<figure class=\"wp-block-image size-large\"><img loading=\"lazy\" decoding=\"async\" width=\"1024\" height=\"1024\" src=\"https:\/\/boutique.hautehorlogerie.org\/app\/uploads\/2024\/07\/Watch-Expert-FR-1024x1024.jpg\" alt=\"\" class=\"wp-image-1242\" srcset=\"https:\/\/boutique.hautehorlogerie.org\/app\/uploads\/2024\/07\/Watch-Expert-FR-1024x1024.jpg 1024w, https:\/\/boutique.hautehorlogerie.org\/app\/uploads\/2024\/07\/Watch-Expert-FR-300x300.jpg 300w, https:\/\/boutique.hautehorlogerie.org\/app\/uploads\/2024\/07\/Watch-Expert-FR-150x150.jpg 150w, https:\/\/boutique.hautehorlogerie.org\/app\/uploads\/2024\/07\/Watch-Expert-FR-768x768.jpg 768w, https:\/\/boutique.hautehorlogerie.org\/app\/uploads\/2024\/07\/Watch-Expert-FR-562x562.jpg 562w, https:\/\/boutique.hautehorlogerie.org\/app\/uploads\/2024\/07\/Watch-Expert-FR-100x100.jpg 100w, https:\/\/boutique.hautehorlogerie.org\/app\/uploads\/2024\/07\/Watch-Expert-FR.jpg 1200w\" sizes=\"auto, (max-width: 1024px) 100vw, 1024px\" \/><\/figure>\n<\/div>\n\n\n\n<div class=\"wp-block-column is-vertically-aligned-center is-layout-flow wp-block-column-is-layout-flow\">\n<h2 class=\"wp-block-heading\"><strong>Le troisi\u00e8me niveau : &nbsp;<\/strong><br><strong>FHH Watch Expert<\/strong><\/h2>\n\n\n\n<p>Le niveau FHH Watch Expert est le plus difficile \u00e0 r\u00e9ussir et n\u00e9cessite une connaissance pointue de tous les aspects de l&rsquo;horlogerie.<\/p>\n\n\n\n<div class=\"wp-block-group is-vertical is-content-justification-left is-layout-flex wp-container-core-group-is-layout-dd225191 wp-block-group-is-layout-flex\">\n<div class=\"wp-block-buttons is-content-justification-right is-layout-flex wp-container-core-buttons-is-layout-d445cf74 wp-block-buttons-is-layout-flex\">\n<div class=\"wp-block-button\"><a class=\"wp-block-button__link wp-element-button\" href=\"https:\/\/boutique.hautehorlogerie.org\/fr\/boutique\/test-fhh-watch-expert\/\" style=\"border-radius:0px\">En savoir plus<\/a><\/div>\n<\/div>\n<\/div>\n<\/div>\n<\/div>\n\n\n\n<div style=\"height:100px\" aria-hidden=\"true\" class=\"wp-block-spacer\"><\/div>\n\n\n\n<div class=\"wp-block-group is-vertical is-content-justification-center is-layout-flex wp-container-core-group-is-layout-ce155fab wp-block-group-is-layout-flex\">\n<h3 class=\"wp-block-heading has-text-align-center\">Calendrier<\/h3>\n\n\n\n<p class=\"has-text-align-center\">V\u00e9rifiez les dates et cr\u00e9neaux horaires disponibles pour planifier votre test de la FHH Certification.<\/p>\n\n\n\n<div class=\"wp-block-buttons is-content-justification-center is-layout-flex wp-container-core-buttons-is-layout-a89b3969 wp-block-buttons-is-layout-flex\">\n<div class=\"wp-block-button\"><a class=\"wp-block-button__link wp-element-button\" href=\"https:\/\/boutique.hautehorlogerie.org\/fr\/calendrier\/\" style=\"border-radius:0px\">R\u00e9server votre test<\/a><\/div>\n<\/div>\n<\/div>\n\n\n\n<div style=\"height:100px\" aria-hidden=\"true\" class=\"wp-block-spacer\"><\/div>\n\n\n\n<div class=\"wp-block-group is-vertical is-content-justification-center is-layout-flex wp-container-core-group-is-layout-ce155fab wp-block-group-is-layout-flex\">\n<h3 class=\"wp-block-heading has-text-align-center\">Questions fr\u00e9quemment pos\u00e9es<\/h3>\n\n\n\n<p class=\"has-text-align-center\">D\u00e9couvrez les questions les plus fr\u00e9quemment pos\u00e9es concernant nos formations et certifications.<\/p>\n\n\n\n<div class=\"wp-block-buttons is-content-justification-center is-layout-flex wp-container-core-buttons-is-layout-a89b3969 wp-block-buttons-is-layout-flex\">\n<div class=\"wp-block-button\"><a class=\"wp-block-button__link wp-element-button\" href=\"https:\/\/boutique.hautehorlogerie.org\/fr\/questions-frequemment-posees\/\" style=\"border-radius:0px\">En savoir plus<\/a><\/div>\n<\/div>\n<\/div>\n\n\n\n<div style=\"height:100px\" aria-hidden=\"true\" class=\"wp-block-spacer\"><\/div>\n","protected":false},"excerpt":{"rendered":"<p>La Fondation Haute Horlogerie d\u00e9livre la seule certification internationalement reconnue en mati\u00e8re de connaissances th\u00e9oriques horlog\u00e8res :&nbsp;la FHH Certification, r\u00e9partie sur trois niveaux. Niveau 1 : FHH Watch Advisor Niveau 2 : FHH Watch Specialist Niveau 3 : FHH Watch Expert Pourquoi la FHH Certification? \u2192 Obtenir une certification mondialement reconnue\u2192 D\u00e9montrer ses comp\u00e9tences sur [&hellip;]<\/p>\n","protected":false},"author":1,"featured_media":0,"parent":0,"menu_order":0,"comment_status":"closed","ping_status":"closed","template":"","meta":{"_acf_changed":false,"footnotes":""},"class_list":["post-454","page","type-page","status-publish","hentry"],"acf":[],"_links":{"self":[{"href":"https:\/\/boutique.hautehorlogerie.org\/fr\/wp-json\/wp\/v2\/pages\/454","targetHints":{"allow":["GET"]}}],"collection":[{"href":"https:\/\/boutique.hautehorlogerie.org\/fr\/wp-json\/wp\/v2\/pages"}],"about":[{"href":"https:\/\/boutique.hautehorlogerie.org\/fr\/wp-json\/wp\/v2\/types\/page"}],"author":[{"embeddable":true,"href":"https:\/\/boutique.hautehorlogerie.org\/fr\/wp-json\/wp\/v2\/users\/1"}],"replies":[{"embeddable":true,"href":"https:\/\/boutique.hautehorlogerie.org\/fr\/wp-json\/wp\/v2\/comments?post=454"}],"version-history":[{"count":72,"href":"https:\/\/boutique.hautehorlogerie.org\/fr\/wp-json\/wp\/v2\/pages\/454\/revisions"}],"predecessor-version":[{"id":1345,"href":"https:\/\/boutique.hautehorlogerie.org\/fr\/wp-json\/wp\/v2\/pages\/454\/revisions\/1345"}],"wp:attachment":[{"href":"https:\/\/boutique.hautehorlogerie.org\/fr\/wp-json\/wp\/v2\/media?parent=454"}],"curies":[{"name":"wp","href":"https:\/\/api.w.org\/{rel}","templated":true}]}}