{"id":494,"date":"2024-06-28T18:05:35","date_gmt":"2024-06-28T16:05:35","guid":{"rendered":"https:\/\/boutique.hautehorlogerie.org\/store\/certification-watch-expert\/"},"modified":"2025-12-09T09:51:12","modified_gmt":"2025-12-09T08:51:12","slug":"test-fhh-watch-expert","status":"publish","type":"product","link":"https:\/\/boutique.hautehorlogerie.org\/fr\/boutique\/test-fhh-watch-expert\/","title":{"rendered":"Test FHH Watch Expert"},"content":{"rendered":"\n<div class=\"wp-block-columns is-layout-flex wp-container-core-columns-is-layout-28f84493 wp-block-columns-is-layout-flex\">\n<div class=\"wp-block-column is-layout-flow wp-block-column-is-layout-flow\"><\/div>\n<\/div>\n\n\n\n<div style=\"height:28px\" aria-hidden=\"true\" class=\"wp-block-spacer\"><\/div>\n\n\n\n<div class=\"wp-block-media-text is-stacked-on-mobile is-vertically-aligned-center\"><figure class=\"wp-block-media-text__media\"><img loading=\"lazy\" decoding=\"async\" width=\"1024\" height=\"1024\" src=\"https:\/\/boutique.hautehorlogerie.org\/app\/uploads\/2024\/07\/Watch-Expert-FR-1024x1024.jpg\" alt=\"\" class=\"wp-image-1242 size-full\" srcset=\"https:\/\/boutique.hautehorlogerie.org\/app\/uploads\/2024\/07\/Watch-Expert-FR-1024x1024.jpg 1024w, https:\/\/boutique.hautehorlogerie.org\/app\/uploads\/2024\/07\/Watch-Expert-FR-300x300.jpg 300w, https:\/\/boutique.hautehorlogerie.org\/app\/uploads\/2024\/07\/Watch-Expert-FR-150x150.jpg 150w, https:\/\/boutique.hautehorlogerie.org\/app\/uploads\/2024\/07\/Watch-Expert-FR-768x768.jpg 768w, https:\/\/boutique.hautehorlogerie.org\/app\/uploads\/2024\/07\/Watch-Expert-FR-562x562.jpg 562w, https:\/\/boutique.hautehorlogerie.org\/app\/uploads\/2024\/07\/Watch-Expert-FR-100x100.jpg 100w, https:\/\/boutique.hautehorlogerie.org\/app\/uploads\/2024\/07\/Watch-Expert-FR.jpg 1200w\" sizes=\"auto, (max-width: 1024px) 100vw, 1024px\" \/><\/figure><div class=\"wp-block-media-text__content\">\n<p style=\"font-size:22px\">La Fondation Haute Horlogerie d\u00e9livre la seule certification internationalement reconnue en mati\u00e8re de connaissances th\u00e9oriques horlog\u00e8res : la FHH Certification, r\u00e9partie sur trois niveaux.<br><br><strong>Le troisi\u00e8me niveau : FHH Watch Expert<\/strong><br>Le niveau FHH Watch Expert est le plus difficile \u00e0 r\u00e9ussir et n\u00e9cessite une connaissance pointue de tous les aspects de l&rsquo;horlogerie.<br><br><em>Le test se d\u00e9roule en ligne et peut \u00eatre pass\u00e9 depuis n&rsquo;importe quel endroit. Vous pourrez choisir l&rsquo;horaire qui vous convient le mieux parmi un choix de de sessions ouvertes qui ont lieu pendant les jours ouvrables.<\/em><br><\/p>\n<\/div><\/div>\n\n\n\n<div style=\"height:28px\" aria-hidden=\"true\" class=\"wp-block-spacer\"><\/div>\n\n\n\n<div class=\"wp-block-media-text has-media-on-the-right is-stacked-on-mobile is-vertically-aligned-center\"><div class=\"wp-block-media-text__content\">\n<p style=\"font-size:22px\"><strong>Les certifi\u00e9s FHH Watch Expert ont acquis une compr\u00e9hension totale du monde de l&rsquo;horlogerie.&nbsp;<\/strong><\/p>\n\n\n\n<p style=\"font-size:22px\">Ils poss\u00e8dent une ma\u00eetrise compl\u00e8te et approfondie des quatre sujets test\u00e9s, y compris le fonctionnement des montres et des complications. Leurs connaissances t\u00e9moignent de leur int\u00e9r\u00eat profond et sinc\u00e8re pour le domaine. Ils sont capables de capter l&rsquo;attention de n&rsquo;importe quel public, m\u00eame celle des plus fins connaisseurs.<\/p>\n<\/div><figure class=\"wp-block-media-text__media\"><img loading=\"lazy\" decoding=\"async\" width=\"570\" height=\"402\" src=\"https:\/\/boutique.hautehorlogerie.org\/app\/uploads\/2024\/06\/produit-watch-expert.jpg\" alt=\"\" class=\"wp-image-548 size-full\" srcset=\"https:\/\/boutique.hautehorlogerie.org\/app\/uploads\/2024\/06\/produit-watch-expert.jpg 570w, https:\/\/boutique.hautehorlogerie.org\/app\/uploads\/2024\/06\/produit-watch-expert-300x212.jpg 300w\" sizes=\"auto, (max-width: 570px) 100vw, 570px\" \/><\/figure><\/div>\n\n\n\n<div style=\"height:28px\" aria-hidden=\"true\" class=\"wp-block-spacer\"><\/div>\n\n\n\n<div class=\"wp-block-group prodquestions has-global-padding is-layout-constrained wp-block-group-is-layout-constrained\">\n<h2 class=\"wp-block-heading has-text-color has-link-color has-large-font-size wp-elements-860f5f4e97b4962116fdafe7f205a3bc\" style=\"color:#68afa9;text-transform:none\">4 th\u00e8mes, 160 questions<\/h2>\n\n\n\n<div style=\"height:28px\" aria-hidden=\"true\" class=\"wp-block-spacer\"><\/div>\n\n\n\n<div class=\"wp-block-columns is-layout-flex wp-container-core-columns-is-layout-28f84493 wp-block-columns-is-layout-flex\">\n<div class=\"wp-block-column is-layout-flow wp-block-column-is-layout-flow\">\n<h3 class=\"wp-block-heading\" style=\"font-size:32px\">Connaissances techniques<\/h3>\n\n\n\n<p style=\"font-size:22px\">Les questions portent sur le m\u00e9canisme d&rsquo;une montre, le fonctionnement d&rsquo;un mouvement, la fonction des diff\u00e9rents composants et les principales complications horlog\u00e8res.<\/p>\n<\/div>\n\n\n\n<div class=\"wp-block-column colbord is-layout-flow wp-block-column-is-layout-flow\">\n<div class=\"wp-block-columns is-layout-flex wp-container-core-columns-is-layout-28f84493 wp-block-columns-is-layout-flex\">\n<div class=\"wp-block-column is-layout-flow wp-block-column-is-layout-flow\" style=\"flex-basis:33.33%\">\n<figure class=\"wp-block-image size-full themed\"><img loading=\"lazy\" decoding=\"async\" width=\"140\" height=\"140\" src=\"https:\/\/boutique.hautehorlogerie.org\/app\/uploads\/2024\/07\/picto-product-technical-knowledge.svg\" alt=\"\" class=\"wp-image-749\"\/><\/figure>\n<\/div>\n\n\n\n<div class=\"wp-block-column is-layout-flow wp-block-column-is-layout-flow\" style=\"flex-basis:66.66%\">\n<p style=\"font-size:42px\">60 questions<\/p>\n<\/div>\n<\/div>\n<\/div>\n<\/div>\n\n\n\n<div class=\"wp-block-columns is-layout-flex wp-container-core-columns-is-layout-28f84493 wp-block-columns-is-layout-flex\">\n<div class=\"wp-block-column is-layout-flow wp-block-column-is-layout-flow\">\n<h3 class=\"wp-block-heading\" style=\"font-size:32px\">Acteurs du march\u00e9<\/h3>\n\n\n\n<p style=\"font-size:22px\">Les questions portent sur les marques et les produits qui composent le monde de l&rsquo;horlogerie, ainsi que sur l&rsquo;environnement \u00e9conomique de la branche.<\/p>\n<\/div>\n\n\n\n<div class=\"wp-block-column colbord is-layout-flow wp-block-column-is-layout-flow\">\n<div class=\"wp-block-columns is-layout-flex wp-container-core-columns-is-layout-28f84493 wp-block-columns-is-layout-flex\">\n<div class=\"wp-block-column is-layout-flow wp-block-column-is-layout-flow\" style=\"flex-basis:33.33%\">\n<figure class=\"wp-block-image size-full themed\"><img loading=\"lazy\" decoding=\"async\" width=\"140\" height=\"140\" src=\"https:\/\/boutique.hautehorlogerie.org\/app\/uploads\/2024\/07\/picto-product-market-players.svg\" alt=\"\" class=\"wp-image-751\"\/><\/figure>\n<\/div>\n\n\n\n<div class=\"wp-block-column is-layout-flow wp-block-column-is-layout-flow\" style=\"flex-basis:66.66%\">\n<p style=\"font-size:42px\">50 questions<\/p>\n<\/div>\n<\/div>\n<\/div>\n<\/div>\n\n\n\n<div class=\"wp-block-columns is-layout-flex wp-container-core-columns-is-layout-28f84493 wp-block-columns-is-layout-flex\">\n<div class=\"wp-block-column is-layout-flow wp-block-column-is-layout-flow\">\n<h3 class=\"wp-block-heading\" style=\"font-size:32px\">Mat\u00e9riaux et finitions<\/h3>\n\n\n\n<p style=\"font-size:22px\">Les questions portent sur les mat\u00e9riaux utilis\u00e9s en horlogerie tels que l&rsquo;or, l&rsquo;acier inoxydable, le maillechort, le silicium et le Superluminova.<\/p>\n<\/div>\n\n\n\n<div class=\"wp-block-column colbord is-layout-flow wp-block-column-is-layout-flow\">\n<div class=\"wp-block-columns is-layout-flex wp-container-core-columns-is-layout-28f84493 wp-block-columns-is-layout-flex\">\n<div class=\"wp-block-column is-layout-flow wp-block-column-is-layout-flow\" style=\"flex-basis:33.33%\">\n<figure class=\"wp-block-image size-full themed\"><img loading=\"lazy\" decoding=\"async\" width=\"140\" height=\"140\" src=\"https:\/\/boutique.hautehorlogerie.org\/app\/uploads\/2024\/07\/picto-product-materials-and-finishes.svg\" alt=\"\" class=\"wp-image-753\"\/><\/figure>\n<\/div>\n\n\n\n<div class=\"wp-block-column is-layout-flow wp-block-column-is-layout-flow\" style=\"flex-basis:66.66%\">\n<p style=\"font-size:42px\">30 questions<\/p>\n<\/div>\n<\/div>\n<\/div>\n<\/div>\n\n\n\n<div class=\"wp-block-columns is-layout-flex wp-container-core-columns-is-layout-28f84493 wp-block-columns-is-layout-flex\">\n<div class=\"wp-block-column is-layout-flow wp-block-column-is-layout-flow\">\n<h3 class=\"wp-block-heading\" style=\"font-size:32px\">Culture et histoire<\/h3>\n\n\n\n<p style=\"font-size:22px\">Les questions testent vos connaissances sur les points essentiels de l&rsquo;histoire de l&rsquo;horlogerie : dates cl\u00e9s, innovations majeures, pr\u00e9curseurs, etc.<\/p>\n<\/div>\n\n\n\n<div class=\"wp-block-column colbord is-layout-flow wp-block-column-is-layout-flow\">\n<div class=\"wp-block-columns is-layout-flex wp-container-core-columns-is-layout-28f84493 wp-block-columns-is-layout-flex\">\n<div class=\"wp-block-column is-layout-flow wp-block-column-is-layout-flow\" style=\"flex-basis:33.33%\">\n<figure class=\"wp-block-image size-full themed\"><img loading=\"lazy\" decoding=\"async\" width=\"140\" height=\"140\" src=\"https:\/\/boutique.hautehorlogerie.org\/app\/uploads\/2024\/07\/picto-product-culture-and-history.svg\" alt=\"\" class=\"wp-image-755\"\/><\/figure>\n<\/div>\n\n\n\n<div class=\"wp-block-column is-layout-flow wp-block-column-is-layout-flow\" style=\"flex-basis:66.66%\">\n<p style=\"font-size:42px\">20 questions<\/p>\n<\/div>\n<\/div>\n<\/div>\n<\/div>\n<\/div>\n\n\n\n<div style=\"height:40px\" aria-hidden=\"true\" class=\"wp-block-spacer\"><\/div>\n\n\n\n<p class=\"has-text-align-center\" style=\"font-size:22px\"><strong>Le test de certification FHH Watch Expert est le seul susceptible d\u2019aboutir \u00e0 l\u2019attribution d\u2019un titre inf\u00e9rieur, conform\u00e9ment aux crit\u00e8res mentionn\u00e9s ci-dessus.<\/strong><\/p>\n\n\n\n<h2 class=\"wp-block-heading has-text-align-center\"><strong>CRIT\u00c8RES DE R\u00c9USSITE<\/strong><\/h2>\n\n\n\n<figure class=\"wp-block-table expert-table\"><table><tbody><tr><td class=\"has-text-align-center\" data-align=\"center\" rowspan=\"2\">Axes<\/td><td class=\"has-text-align-center\" data-align=\"center\" rowspan=\"2\">Nombre de questions<\/td><td class=\"has-text-align-center\" data-align=\"center\">Score \u00e0 obtenir<\/td><td class=\"has-text-align-center\" data-align=\"center\">Score \u00e0 obtenir<br><span style=\"font-size: 80%\">Conditions cumulatives<\/span><\/td><td class=\"has-text-align-center\" data-align=\"center\">Score \u00e0 obtenir<br><span style=\"font-size: 80%\">Conditions cumulatives<\/span><\/td><\/tr><tr><td class=\"has-text-align-center\" data-align=\"center\">FHH Watch Advisor<\/td><td class=\"has-text-align-center\" data-align=\"center\">FHH Watch Specialist<\/td><td class=\"has-text-align-center\" data-align=\"center\">FHH Watch Expert<\/td><\/tr><tr><td class=\"has-text-align-center\" data-align=\"center\">Connaissances techniques<\/td><td class=\"has-text-align-center\" data-align=\"center\"><strong>60<\/strong><\/td><td class=\"has-text-align-center\" data-align=\"center\" rowspan=\"4\">Pas de score minimum requis par mati\u00e8re<\/td><td class=\"has-text-align-center\" data-align=\"center\">70%<\/td><td class=\"has-text-align-center\" data-align=\"center\">80%<\/td><\/tr><tr><td class=\"has-text-align-center\" data-align=\"center\">Acteurs du march\u00e9<\/td><td class=\"has-text-align-center\" data-align=\"center\"><strong>50<\/strong><\/td><td class=\"has-text-align-center\" data-align=\"center\">70%<\/td><td class=\"has-text-align-center\" data-align=\"center\">80%<\/td><\/tr><tr><td class=\"has-text-align-center\" data-align=\"center\">Mat\u00e9riaux et finitions<\/td><td class=\"has-text-align-center\" data-align=\"center\"><strong>30<\/strong><\/td><td class=\"has-text-align-center\" data-align=\"center\">70%<\/td><td class=\"has-text-align-center\" data-align=\"center\">80%<\/td><\/tr><tr><td class=\"has-text-align-center\" data-align=\"center\">Culture et histoire<\/td><td class=\"has-text-align-center\" data-align=\"center\"><strong>20<\/strong><\/td><td class=\"has-text-align-center\" data-align=\"center\">60%<\/td><td class=\"has-text-align-center\" data-align=\"center\">70%<\/td><\/tr><tr><td class=\"has-text-align-center\" data-align=\"center\"><strong>TOTAL<\/strong><\/td><td class=\"has-text-align-center\" data-align=\"center\"><strong>160<\/strong><\/td><td class=\"has-text-align-center\" data-align=\"center\"><strong>55%<\/strong><\/td><td class=\"has-text-align-center\" data-align=\"center\"><strong>70%<\/strong><\/td><td class=\"has-text-align-center\" data-align=\"center\"><strong>80%<\/strong><\/td><\/tr><\/tbody><\/table><\/figure>\n\n\n\n<div style=\"height:28px\" aria-hidden=\"true\" class=\"wp-block-spacer\"><\/div>\n\n\n\n<h2 class=\"wp-block-heading has-text-align-center\"><strong>TARIF<\/strong><\/h2>\n\n\n\n<p style=\"font-size:22px\">Le tarif de CHF 385 comprend :<\/p>\n\n\n\n<ul class=\"wp-block-list\">\n<li style=\"font-size:22px\">Un test d&rsquo;entra\u00eenement<\/li>\n\n\n\n<li style=\"font-size:22px\">Une liste de lectures recommand\u00e9es pour se pr\u00e9parer \u00e0 l&rsquo;examen<\/li>\n\n\n\n<li style=\"font-size:22px\">Une session d&rsquo;examen<\/li>\n<\/ul>\n\n\n\n<div style=\"height:28px\" aria-hidden=\"true\" class=\"wp-block-spacer\"><\/div>\n\n\n\n<div class=\"wp-block-columns is-layout-flex wp-container-core-columns-is-layout-28f84493 wp-block-columns-is-layout-flex\">\n<div class=\"wp-block-column is-layout-flow wp-block-column-is-layout-flow\"><\/div>\n<\/div>\n\n\n\n<div style=\"height:28px\" aria-hidden=\"true\" class=\"wp-block-spacer\"><\/div>\n\n\n\n<div class=\"wp-block-columns is-layout-flex wp-container-core-columns-is-layout-28f84493 wp-block-columns-is-layout-flex\">\n<div class=\"wp-block-column is-layout-flow wp-block-column-is-layout-flow\">\n<h2 class=\"wp-block-heading\">Testez vos connaissances avec l&rsquo;app Watch Essentials<\/h2>\n\n\n\n<figure class=\"wp-block-image size-large\"><img loading=\"lazy\" decoding=\"async\" width=\"1024\" height=\"1024\" src=\"https:\/\/boutique.hautehorlogerie.org\/app\/uploads\/2024\/07\/Watch-Essentials-app-1024x1024.jpg\" alt=\"\" class=\"wp-image-1200\" srcset=\"https:\/\/boutique.hautehorlogerie.org\/app\/uploads\/2024\/07\/Watch-Essentials-app-1024x1024.jpg 1024w, https:\/\/boutique.hautehorlogerie.org\/app\/uploads\/2024\/07\/Watch-Essentials-app-300x300.jpg 300w, https:\/\/boutique.hautehorlogerie.org\/app\/uploads\/2024\/07\/Watch-Essentials-app-150x150.jpg 150w, https:\/\/boutique.hautehorlogerie.org\/app\/uploads\/2024\/07\/Watch-Essentials-app-768x768.jpg 768w, https:\/\/boutique.hautehorlogerie.org\/app\/uploads\/2024\/07\/Watch-Essentials-app-562x562.jpg 562w, https:\/\/boutique.hautehorlogerie.org\/app\/uploads\/2024\/07\/Watch-Essentials-app-100x100.jpg 100w, https:\/\/boutique.hautehorlogerie.org\/app\/uploads\/2024\/07\/Watch-Essentials-app.jpg 1200w\" sizes=\"auto, (max-width: 1024px) 100vw, 1024px\" \/><\/figure>\n\n\n\n<p style=\"font-size:22px\">L\u2019application ludique pour apprendre toutes les bases de l\u2019horlogerie et son march\u00e9. N\u2019avez-vous jamais r\u00eav\u00e9 de d\u00e9couvrir les rouages secrets d\u2019une montre de Haute Horlogerie ? C\u2019est possible avec Watch Essentials, la nouvelle appli incontournable des inconditionnels de l\u2019horlogerie.<\/p>\n\n\n\n<p><a href=\"https:\/\/apps.apple.com\/us\/app\/watch-essentials\/id1141456162\">T\u00e9l\u00e9chargez l&rsquo;application <\/a><\/p>\n<\/div>\n\n\n\n<div class=\"wp-block-column is-layout-flow wp-block-column-is-layout-flow\">\n<h2 class=\"wp-block-heading\">Watch Essentials Video Series<\/h2>\n\n\n\n<figure class=\"wp-block-image size-large\"><img loading=\"lazy\" decoding=\"async\" width=\"1024\" height=\"1024\" src=\"https:\/\/boutique.hautehorlogerie.org\/app\/uploads\/2024\/07\/Watch-Essentials-Video-Series-1024x1024.jpg\" alt=\"\" class=\"wp-image-1202\" srcset=\"https:\/\/boutique.hautehorlogerie.org\/app\/uploads\/2024\/07\/Watch-Essentials-Video-Series-1024x1024.jpg 1024w, https:\/\/boutique.hautehorlogerie.org\/app\/uploads\/2024\/07\/Watch-Essentials-Video-Series-300x300.jpg 300w, https:\/\/boutique.hautehorlogerie.org\/app\/uploads\/2024\/07\/Watch-Essentials-Video-Series-150x150.jpg 150w, https:\/\/boutique.hautehorlogerie.org\/app\/uploads\/2024\/07\/Watch-Essentials-Video-Series-768x768.jpg 768w, https:\/\/boutique.hautehorlogerie.org\/app\/uploads\/2024\/07\/Watch-Essentials-Video-Series-562x562.jpg 562w, https:\/\/boutique.hautehorlogerie.org\/app\/uploads\/2024\/07\/Watch-Essentials-Video-Series-100x100.jpg 100w, https:\/\/boutique.hautehorlogerie.org\/app\/uploads\/2024\/07\/Watch-Essentials-Video-Series.jpg 1200w\" sizes=\"auto, (max-width: 1024px) 100vw, 1024px\" \/><\/figure>\n\n\n\n<p style=\"font-size:22px\">Aucun programme de formation en ligne n\u2019est actuellement disponible pour pr\u00e9parer la certification FHH Watch Expert. Toutefois, la formation en ligne Watch Essentials Video Series &#8211; normalement coupl\u00e9e avec le premier niveau FHH Watch Advisor &#8211; peut s\u2019av\u00e9rer utile pour revoir les bases, m\u00eame dans le cadre de la pr\u00e9paration d\u2019un test de niveau sup\u00e9rieur.<\/p>\n\n\n\n<p><a href=\"https:\/\/boutique.hautehorlogerie.org\/fr\/?attachment_id=1201\">En savoir plus<\/a><\/p>\n<\/div>\n<\/div>\n\n\n\n<div style=\"height:28px\" aria-hidden=\"true\" class=\"wp-block-spacer\"><\/div>\n\n\n\n<h2 class=\"wp-block-heading\">FAQ<\/h2>\n\n\n\n<div class=\"schema-faq wp-block-yoast-faq-block\"><div class=\"schema-faq-section\" id=\"faq-question-1721233912665\"><strong class=\"schema-faq-question\">Do I have to go to a test center to take any of the tests? <\/strong> <p class=\"schema-faq-answer\">No, the format is digital. The test can be taken from any place. An excellent internet connexion is required.<\/p> <\/div> <div class=\"schema-faq-section\" id=\"faq-question-1721233944583\"><strong class=\"schema-faq-question\">Does the FHH Certification alone includes a training?<\/strong> <p class=\"schema-faq-answer\">No, no training is included. It is a self-studying format.<br\/>Tools are given to the participants upon registration (access to the practice test, reading list, apps)<\/p> <\/div> <div class=\"schema-faq-section\" id=\"faq-question-1734529249951\"><strong class=\"schema-faq-question\">How long after the test are the results available?<\/strong> <p class=\"schema-faq-answer\">The results of the test are published 5 days after it took place.<br\/>You will receive a PDF version by email between 15 and 20 days after, it is indicated in this email that a paper version can also be sent upon request.<\/p> <\/div> <\/div>\n\n\n\n<p class=\"has-text-align-center\"><a href=\"https:\/\/boutique.hautehorlogerie.org\/fr\/questions-frequemment-posees\/\">Voir les questions fr\u00e9quemment pos\u00e9es<\/a><\/p>\n\n\n\n<div style=\"height:28px\" aria-hidden=\"true\" class=\"wp-block-spacer\"><\/div>\n\n\n\n<h2 class=\"wp-block-heading\">Consid\u00e9rez une autre certification<\/h2>\n","protected":false},"excerpt":{"rendered":"<p><strong data-start=\"472\" data-end=\"542\">Atteignez le plus haut niveau d&rsquo;expertise reconnu par l&rsquo;industrie. <br \/><\/strong>Ma\u00eetrisez les connaissances horlog\u00e8res qu&rsquo;un client peut attendre d&rsquo;un professionnel.<\/p>\n","protected":false},"featured_media":742,"template":"","meta":{"_acf_changed":false},"product_brand":[],"product_cat":[31],"product_tag":[],"class_list":{"0":"post-494","1":"product","2":"type-product","3":"status-publish","4":"has-post-thumbnail","6":"product_cat-certifications-fr","8":"first","9":"instock","10":"virtual","11":"sold-individually","12":"taxable","13":"purchasable","14":"product-type-certification"},"acf":[],"_links":{"self":[{"href":"https:\/\/boutique.hautehorlogerie.org\/fr\/wp-json\/wp\/v2\/product\/494","targetHints":{"allow":["GET"]}}],"collection":[{"href":"https:\/\/boutique.hautehorlogerie.org\/fr\/wp-json\/wp\/v2\/product"}],"about":[{"href":"https:\/\/boutique.hautehorlogerie.org\/fr\/wp-json\/wp\/v2\/types\/product"}],"wp:featuredmedia":[{"embeddable":true,"href":"https:\/\/boutique.hautehorlogerie.org\/fr\/wp-json\/wp\/v2\/media\/742"}],"wp:attachment":[{"href":"https:\/\/boutique.hautehorlogerie.org\/fr\/wp-json\/wp\/v2\/media?parent=494"}],"wp:term":[{"taxonomy":"product_brand","embeddable":true,"href":"https:\/\/boutique.hautehorlogerie.org\/fr\/wp-json\/wp\/v2\/product_brand?post=494"},{"taxonomy":"product_cat","embeddable":true,"href":"https:\/\/boutique.hautehorlogerie.org\/fr\/wp-json\/wp\/v2\/product_cat?post=494"},{"taxonomy":"product_tag","embeddable":true,"href":"https:\/\/boutique.hautehorlogerie.org\/fr\/wp-json\/wp\/v2\/product_tag?post=494"}],"curies":[{"name":"wp","href":"https:\/\/api.w.org\/{rel}","templated":true}]}}