{"id":495,"date":"2024-07-17T11:25:11","date_gmt":"2024-07-17T09:25:11","guid":{"rendered":"https:\/\/boutique.hautehorlogerie.org\/store\/formation-1\/"},"modified":"2025-06-20T18:44:19","modified_gmt":"2025-06-20T16:44:19","slug":"watch-essentials-video-series","status":"publish","type":"product","link":"https:\/\/boutique.hautehorlogerie.org\/fr\/boutique\/watch-essentials-video-series\/","title":{"rendered":"Watch Essentials Video Series"},"content":{"rendered":"\n<div class=\"wp-block-columns is-layout-flex wp-container-core-columns-is-layout-28f84493 wp-block-columns-is-layout-flex\">\n<div class=\"wp-block-column is-layout-flow wp-block-column-is-layout-flow\"><\/div>\n<\/div>\n\n\n\n<div style=\"height:64px\" aria-hidden=\"true\" class=\"wp-block-spacer\"><\/div>\n\n\n\n<div class=\"wp-block-columns is-layout-flex wp-container-core-columns-is-layout-28f84493 wp-block-columns-is-layout-flex\">\n<div class=\"wp-block-column is-layout-flow wp-block-column-is-layout-flow\">\n<figure class=\"wp-block-embed is-type-video is-provider-youtube wp-block-embed-youtube wp-embed-aspect-16-9 wp-has-aspect-ratio\"><div class=\"wp-block-embed__wrapper\">\n<iframe loading=\"lazy\" title=\"Watch Essentials | Ma\u00eetriser l&#039;art de la Haute Horlogerie\" width=\"500\" height=\"281\" src=\"https:\/\/www.youtube.com\/embed\/JS3LBqtJCGw?feature=oembed\" frameborder=\"0\" allow=\"accelerometer; autoplay; clipboard-write; encrypted-media; gyroscope; picture-in-picture; web-share\" referrerpolicy=\"strict-origin-when-cross-origin\" allowfullscreen><\/iframe>\n<\/div><\/figure>\n<\/div>\n\n\n\n<div class=\"wp-block-column is-vertically-aligned-center is-layout-flow wp-block-column-is-layout-flow\">\n<p class=\"has-text-color has-link-color wp-elements-236aa90bc5e11fde165697fb83a054fc\" style=\"color:#68afa9;font-size:22px\"><strong>Dur\u00e9e : 3 heures<\/strong><\/p>\n\n\n\n<p style=\"font-size:22px\">La formation en ligne <strong>Watch Essentials Video Series<\/strong> est compos\u00e9e de <strong>9 chapitres<\/strong> au cours desquels vous vous immergerez dans le monde fascinant de la Haute Horlogerie.<br><br>Tout au long de la formation, vous partirez \u00e0 la rencontre d\u2019horlogers, d&rsquo;historiens et de sp\u00e9cialistes qui vous livreront avec passion <strong>les codes et les cl\u00e9s de l&rsquo;industrie<\/strong> et ainsi passer au niveau sup\u00e9rieur de la connaissance horlog\u00e8re. Laissez-vous porter par un voyage au coeur des faiseurs de temps !<\/p>\n<\/div>\n<\/div>\n\n\n\n<div style=\"height:50px\" aria-hidden=\"true\" class=\"wp-block-spacer\"><\/div>\n\n\n\n\n\n<div class=\"schema-faq wp-block-yoast-faq-block\"><div class=\"schema-faq-section\" id=\"faq-question-1746027342071\"><strong class=\"schema-faq-question\"><strong>Dans quelles langues la formation est-elle disponible ?<\/strong><\/strong> <p class=\"schema-faq-answer\">Les vid\u00e9os sont en fran\u00e7ais et peuvent \u00eatre doubl\u00e9es en anglais et en allemand. Des sous-titres sont disponibles en arabe, mandarin, cantonais, anglais, fran\u00e7ais, italien, japonais, cor\u00e9en et espagnol.<\/p> <\/div> <div class=\"schema-faq-section\" id=\"faq-question-1746027361311\"><strong class=\"schema-faq-question\"><strong>Pendant quelle dur\u00e9e puis-je acc\u00e9der \u00e0 la formation ?<\/strong><\/strong> <p class=\"schema-faq-answer\">La formation est accessible pendant une dur\u00e9e de 60 jours \u00e0 compter de l\u2019achat. Elle est intransmissible.<\/p> <\/div> <div class=\"schema-faq-section\" id=\"faq-question-1746027374753\"><strong class=\"schema-faq-question\"><strong>Depuis quels appareils puis-je acc\u00e9der \u00e0 la formation ?<\/strong><\/strong> <p class=\"schema-faq-answer\">La formation est accessible sur ordinateur ou tablette dot\u00e9s d\u2019un \u00e9cran d\u2019une diagonale d\u2019au moins 10\u2033 et de l\u2019un des navigateurs suivants (derni\u00e8re version) :<br\/>\u2013 Windows : Chrome, Edge, Firefox<br\/>\u2013 macOS : Chrome, Firefox, Safari<br\/>\u2013 GNU\/Linux, BSD : Chromium, Firefox<br\/>\u2013 Android : Chrome<br\/>\u2013 iPadOS: Safari<\/p> <\/div> <\/div>\n\n\n\n<p class=\"has-text-align-center\"><a href=\"https:\/\/boutique.hautehorlogerie.org\/fr\/questions-frequemment-posees\/\">Lire plus<\/a><\/p>\n\n\n\n<div style=\"height:50px\" aria-hidden=\"true\" class=\"wp-block-spacer\"><\/div>\n\n\n<p class=\"has-text-color has-link-color\" style=\"color: #68afa9; font-size: 22px;\"><strong>Pour aller plus loin<\/strong><\/p>\n<p style=\"font-size: 22px;\">Le formation en ligne Watch Essentials Video Series vous conduit au <strong><a href=\"https:\/\/boutique.hautehorlogerie.org\/fr\/boutique\/test-fhh-watch-advisor\/\">niveau FHH Watch Advisor<\/a><\/strong>, le premier du parcours de la FHH Certification. D\u00e9couvrez <strong><a href=\"https:\/\/boutique.hautehorlogerie.org\/fr\/boutique\/watch-essentials-video-series-including-watch-advisor-certification-test-2\/\">notre offre group\u00e9e <\/a><\/strong>:<\/p>","protected":false},"excerpt":{"rendered":"<p><strong data-start=\"53\" data-end=\"164\">D\u00e9couvrez les fondamentaux fascinants de la haute horlogerie avec notre s\u00e9rie de vid\u00e9os <em data-start=\"143\" data-end=\"161\">Watch Essentials<\/em>.<\/strong><br data-start=\"164\" data-end=\"167\" \/>Ce cours de formation en ligne est compos\u00e9 de 9 chapitres, au cours desquels vous rencontrerez des horlogers, des historiens et des sp\u00e9cialistes partageant avec passion les codes et les cl\u00e9s pour approfondir vos connaissances. Id\u00e9al pour acqu\u00e9rir des bases solides dans l&rsquo;univers de l&rsquo;horlogerie.<\/p>\n","protected":false},"featured_media":697,"template":"","meta":{"_acf_changed":false},"product_brand":[],"product_cat":[49],"product_tag":[],"class_list":{"0":"post-495","1":"product","2":"type-product","3":"status-publish","4":"has-post-thumbnail","6":"product_cat-formation-en-ligne","8":"first","9":"instock","10":"virtual","11":"sold-individually","12":"taxable","13":"purchasable","14":"product-type-training"},"acf":[],"_links":{"self":[{"href":"https:\/\/boutique.hautehorlogerie.org\/fr\/wp-json\/wp\/v2\/product\/495","targetHints":{"allow":["GET"]}}],"collection":[{"href":"https:\/\/boutique.hautehorlogerie.org\/fr\/wp-json\/wp\/v2\/product"}],"about":[{"href":"https:\/\/boutique.hautehorlogerie.org\/fr\/wp-json\/wp\/v2\/types\/product"}],"wp:featuredmedia":[{"embeddable":true,"href":"https:\/\/boutique.hautehorlogerie.org\/fr\/wp-json\/wp\/v2\/media\/697"}],"wp:attachment":[{"href":"https:\/\/boutique.hautehorlogerie.org\/fr\/wp-json\/wp\/v2\/media?parent=495"}],"wp:term":[{"taxonomy":"product_brand","embeddable":true,"href":"https:\/\/boutique.hautehorlogerie.org\/fr\/wp-json\/wp\/v2\/product_brand?post=495"},{"taxonomy":"product_cat","embeddable":true,"href":"https:\/\/boutique.hautehorlogerie.org\/fr\/wp-json\/wp\/v2\/product_cat?post=495"},{"taxonomy":"product_tag","embeddable":true,"href":"https:\/\/boutique.hautehorlogerie.org\/fr\/wp-json\/wp\/v2\/product_tag?post=495"}],"curies":[{"name":"wp","href":"https:\/\/api.w.org\/{rel}","templated":true}]}}