{"id":497,"date":"2024-07-18T14:07:04","date_gmt":"2024-07-18T12:07:04","guid":{"rendered":"https:\/\/boutique.hautehorlogerie.org\/store\/certification-watch-advisor\/"},"modified":"2025-12-09T09:47:17","modified_gmt":"2025-12-09T08:47:17","slug":"test-fhh-watch-advisor","status":"publish","type":"product","link":"https:\/\/boutique.hautehorlogerie.org\/fr\/boutique\/test-fhh-watch-advisor\/","title":{"rendered":"Test FHH Watch Advisor"},"content":{"rendered":"\n<div class=\"wp-block-columns is-layout-flex wp-container-core-columns-is-layout-28f84493 wp-block-columns-is-layout-flex\">\n<div class=\"wp-block-column is-layout-flow wp-block-column-is-layout-flow\"><\/div>\n<\/div>\n\n\n\n<div style=\"height:28px\" aria-hidden=\"true\" class=\"wp-block-spacer\"><\/div>\n\n\n\n<div class=\"wp-block-media-text is-stacked-on-mobile is-vertically-aligned-center\"><figure class=\"wp-block-media-text__media\"><img loading=\"lazy\" decoding=\"async\" width=\"1024\" height=\"1024\" src=\"https:\/\/boutique.hautehorlogerie.org\/app\/uploads\/2024\/07\/Watch-Advisor-FR-1024x1024.jpg\" alt=\"\" class=\"wp-image-1250 size-full\" srcset=\"https:\/\/boutique.hautehorlogerie.org\/app\/uploads\/2024\/07\/Watch-Advisor-FR-1024x1024.jpg 1024w, https:\/\/boutique.hautehorlogerie.org\/app\/uploads\/2024\/07\/Watch-Advisor-FR-300x300.jpg 300w, https:\/\/boutique.hautehorlogerie.org\/app\/uploads\/2024\/07\/Watch-Advisor-FR-150x150.jpg 150w, https:\/\/boutique.hautehorlogerie.org\/app\/uploads\/2024\/07\/Watch-Advisor-FR-768x768.jpg 768w, https:\/\/boutique.hautehorlogerie.org\/app\/uploads\/2024\/07\/Watch-Advisor-FR-562x562.jpg 562w, https:\/\/boutique.hautehorlogerie.org\/app\/uploads\/2024\/07\/Watch-Advisor-FR-100x100.jpg 100w, https:\/\/boutique.hautehorlogerie.org\/app\/uploads\/2024\/07\/Watch-Advisor-FR.jpg 1200w\" sizes=\"auto, (max-width: 1024px) 100vw, 1024px\" \/><\/figure><div class=\"wp-block-media-text__content\">\n<p style=\"font-size:22px\">La Fondation Haute Horlogerie d\u00e9livre la seule certification internationalement reconnue en mati\u00e8re de connaissances th\u00e9oriques horlog\u00e8res : la FHH Certification, r\u00e9partie sur trois niveaux.<br><br><strong>Le premier niveau : FHH Watch Advisor<br><\/strong>Le niveau FHH Watch Advisor est consid\u00e9r\u00e9 comme le niveau d&rsquo;entr\u00e9e, aucune connaissance pr\u00e9alable n&rsquo;est n\u00e9cessaire.<br><br><em>Le test se d\u00e9roule en ligne et peut \u00eatre pass\u00e9 depuis n&rsquo;importe quel endroit. Vous pourrez choisir l&rsquo;horaire qui vous convient le mieux parmi un choix de sessions ouvertes qui ont lieu pendant les jours ouvrables.<\/em><\/p>\n<\/div><\/div>\n\n\n\n<div style=\"height:28px\" aria-hidden=\"true\" class=\"wp-block-spacer\"><\/div>\n\n\n\n<div class=\"wp-block-media-text has-media-on-the-right is-stacked-on-mobile is-vertically-aligned-center\"><div class=\"wp-block-media-text__content\">\n<p style=\"font-size:22px\"><strong>Les certifi\u00e9s FHH Watch Advisor ont acquis une bonne compr\u00e9hension g\u00e9n\u00e9rale de l&rsquo;horlogerie.<\/strong><br><br>Ils savent comment fonctionne une montre m\u00e9canique simple et emploient la terminologie correcte. Ils sont capables de s&rsquo;engager dans des discussions pertinentes sur l&rsquo;horlogerie.<\/p>\n<\/div><figure class=\"wp-block-media-text__media\"><img loading=\"lazy\" decoding=\"async\" width=\"570\" height=\"402\" src=\"https:\/\/boutique.hautehorlogerie.org\/app\/uploads\/2024\/06\/produit-watch-advisor.jpg\" alt=\"\" class=\"wp-image-544 size-full\" srcset=\"https:\/\/boutique.hautehorlogerie.org\/app\/uploads\/2024\/06\/produit-watch-advisor.jpg 570w, https:\/\/boutique.hautehorlogerie.org\/app\/uploads\/2024\/06\/produit-watch-advisor-300x212.jpg 300w\" sizes=\"auto, (max-width: 570px) 100vw, 570px\" \/><\/figure><\/div>\n\n\n\n<div style=\"height:28px\" aria-hidden=\"true\" class=\"wp-block-spacer\"><\/div>\n\n\n\n<div class=\"wp-block-group prodquestions has-global-padding is-layout-constrained wp-block-group-is-layout-constrained\">\n<h2 class=\"wp-block-heading has-text-color has-link-color has-large-font-size wp-elements-b511614f71e9e447058d627908c14022\" style=\"color:#68afa9;text-transform:none\">4 th\u00e8mes, 80 questions<\/h2>\n\n\n\n<div style=\"height:28px\" aria-hidden=\"true\" class=\"wp-block-spacer\"><\/div>\n\n\n\n<div class=\"wp-block-columns is-layout-flex wp-container-core-columns-is-layout-28f84493 wp-block-columns-is-layout-flex\">\n<div class=\"wp-block-column is-layout-flow wp-block-column-is-layout-flow\">\n<h3 class=\"wp-block-heading\" style=\"font-size:32px\">Connaissances techniques<\/h3>\n\n\n\n<p style=\"font-size:22px\">Les questions portent sur le m\u00e9canisme d&rsquo;une montre, le fonctionnement d&rsquo;un mouvement, la fonction des diff\u00e9rents composants et les principales complications horlog\u00e8res.<\/p>\n<\/div>\n\n\n\n<div class=\"wp-block-column colbord is-layout-flow wp-block-column-is-layout-flow\">\n<div class=\"wp-block-columns is-layout-flex wp-container-core-columns-is-layout-28f84493 wp-block-columns-is-layout-flex\">\n<div class=\"wp-block-column is-layout-flow wp-block-column-is-layout-flow\" style=\"flex-basis:33.33%\">\n<figure class=\"wp-block-image size-full themed\"><img loading=\"lazy\" decoding=\"async\" width=\"140\" height=\"140\" src=\"https:\/\/boutique.hautehorlogerie.org\/app\/uploads\/2024\/07\/picto-product-technical-knowledge.svg\" alt=\"\" class=\"wp-image-749\"\/><\/figure>\n<\/div>\n\n\n\n<div class=\"wp-block-column is-layout-flow wp-block-column-is-layout-flow\" style=\"flex-basis:66.66%\">\n<p style=\"font-size:42px\">40 questions<\/p>\n<\/div>\n<\/div>\n<\/div>\n<\/div>\n\n\n\n<div class=\"wp-block-columns is-layout-flex wp-container-core-columns-is-layout-28f84493 wp-block-columns-is-layout-flex\">\n<div class=\"wp-block-column is-layout-flow wp-block-column-is-layout-flow\">\n<h3 class=\"wp-block-heading\" style=\"font-size:32px\">Acteurs du march\u00e9<\/h3>\n\n\n\n<p style=\"font-size:22px\">Les questions portent sur les marques et les produits qui composent le monde de l&rsquo;horlogerie, ainsi que sur l&rsquo;environnement \u00e9conomique de la branche.<\/p>\n<\/div>\n\n\n\n<div class=\"wp-block-column colbord is-layout-flow wp-block-column-is-layout-flow\">\n<div class=\"wp-block-columns is-layout-flex wp-container-core-columns-is-layout-28f84493 wp-block-columns-is-layout-flex\">\n<div class=\"wp-block-column is-layout-flow wp-block-column-is-layout-flow\" style=\"flex-basis:33.33%\">\n<figure class=\"wp-block-image size-full themed\"><img loading=\"lazy\" decoding=\"async\" width=\"140\" height=\"140\" src=\"https:\/\/boutique.hautehorlogerie.org\/app\/uploads\/2024\/07\/picto-product-market-players.svg\" alt=\"\" class=\"wp-image-751\"\/><\/figure>\n<\/div>\n\n\n\n<div class=\"wp-block-column is-layout-flow wp-block-column-is-layout-flow\" style=\"flex-basis:66.66%\">\n<p style=\"font-size:42px\">20 questions<\/p>\n<\/div>\n<\/div>\n<\/div>\n<\/div>\n\n\n\n<div class=\"wp-block-columns is-layout-flex wp-container-core-columns-is-layout-28f84493 wp-block-columns-is-layout-flex\">\n<div class=\"wp-block-column is-layout-flow wp-block-column-is-layout-flow\">\n<h3 class=\"wp-block-heading\" style=\"font-size:32px\">Mat\u00e9riaux et finitions<\/h3>\n\n\n\n<p style=\"font-size:22px\">Les questions portent sur les mat\u00e9riaux utilis\u00e9s en horlogerie tels que l&rsquo;or, l&rsquo;acier inoxydable, le maillechort, le silicium et le Superluminova.<\/p>\n<\/div>\n\n\n\n<div class=\"wp-block-column colbord is-layout-flow wp-block-column-is-layout-flow\">\n<div class=\"wp-block-columns is-layout-flex wp-container-core-columns-is-layout-28f84493 wp-block-columns-is-layout-flex\">\n<div class=\"wp-block-column is-layout-flow wp-block-column-is-layout-flow\" style=\"flex-basis:33.33%\">\n<figure class=\"wp-block-image size-full themed\"><img loading=\"lazy\" decoding=\"async\" width=\"140\" height=\"140\" src=\"https:\/\/boutique.hautehorlogerie.org\/app\/uploads\/2024\/07\/picto-product-materials-and-finishes.svg\" alt=\"\" class=\"wp-image-753\"\/><\/figure>\n<\/div>\n\n\n\n<div class=\"wp-block-column is-layout-flow wp-block-column-is-layout-flow\" style=\"flex-basis:66.66%\">\n<p style=\"font-size:42px\">15 questions<\/p>\n<\/div>\n<\/div>\n<\/div>\n<\/div>\n\n\n\n<div class=\"wp-block-columns is-layout-flex wp-container-core-columns-is-layout-28f84493 wp-block-columns-is-layout-flex\">\n<div class=\"wp-block-column is-layout-flow wp-block-column-is-layout-flow\">\n<h3 class=\"wp-block-heading\" style=\"font-size:32px\">Culture et histoire <\/h3>\n\n\n\n<p style=\"font-size:22px\">Les questions testent vos connaissances sur les points essentiels de l&rsquo;histoire de l&rsquo;horlogerie : dates cl\u00e9s, innovations majeures, pr\u00e9curseurs, etc.<\/p>\n<\/div>\n\n\n\n<div class=\"wp-block-column colbord is-layout-flow wp-block-column-is-layout-flow\">\n<div class=\"wp-block-columns is-layout-flex wp-container-core-columns-is-layout-28f84493 wp-block-columns-is-layout-flex\">\n<div class=\"wp-block-column is-layout-flow wp-block-column-is-layout-flow\" style=\"flex-basis:33.33%\">\n<figure class=\"wp-block-image size-full themed\"><img loading=\"lazy\" decoding=\"async\" width=\"140\" height=\"140\" src=\"https:\/\/boutique.hautehorlogerie.org\/app\/uploads\/2024\/07\/picto-product-culture-and-history.svg\" alt=\"\" class=\"wp-image-755\"\/><\/figure>\n<\/div>\n\n\n\n<div class=\"wp-block-column is-layout-flow wp-block-column-is-layout-flow\" style=\"flex-basis:66.66%\">\n<p style=\"font-size:42px\">5 questions<\/p>\n<\/div>\n<\/div>\n<\/div>\n<\/div>\n\n\n\n<div style=\"height:28px\" aria-hidden=\"true\" class=\"wp-block-spacer\"><\/div>\n\n\n\n<p class=\"has-text-align-center\" style=\"font-size:22px\"><strong>Le certificat de FHH Watch Advisor est d\u00e9cern\u00e9 aux candidats qui obtiennent un score total de 70&nbsp;%, sans qu&rsquo;un score minimum par th\u00e8me ne soit exig\u00e9.<\/strong><\/p>\n<\/div>\n\n\n\n<h2 class=\"wp-block-heading\"><strong>CRIT\u00c8RES DE R\u00c9USSITE<\/strong><\/h2>\n\n\n\n<figure class=\"wp-block-table success-table\"><table><thead><tr><th class=\"has-text-align-center\" data-align=\"center\">Axes<\/th><th class=\"has-text-align-center\" data-align=\"center\">Nombre de questions<\/th><th class=\"has-text-align-center\" data-align=\"center\">Score \u00e0 obtenir<\/th><\/tr><\/thead><tbody><tr><td class=\"has-text-align-center\" data-align=\"center\">Connaissances techniques<\/td><td class=\"has-text-align-center\" data-align=\"center\">40<\/td><td class=\"has-text-align-center\" data-align=\"center\" rowspan=\"4\">Pas de score minimum requis par mati\u00e8re<\/td><\/tr><tr><td class=\"has-text-align-center\" data-align=\"center\">Acteurs du march\u00e9<\/td><td class=\"has-text-align-center\" data-align=\"center\">20<\/td><\/tr><tr><td class=\"has-text-align-center\" data-align=\"center\">Mat\u00e9riaux et finitions<\/td><td class=\"has-text-align-center\" data-align=\"center\">15<\/td><\/tr><tr><td class=\"has-text-align-center\" data-align=\"center\">Culture et histoire<\/td><td class=\"has-text-align-center\" data-align=\"center\">5<\/td><\/tr><\/tbody><tfoot><tr><td class=\"has-text-align-center\" data-align=\"center\">Total<\/td><td class=\"has-text-align-center\" data-align=\"center\">80<\/td><td class=\"has-text-align-center\" data-align=\"center\">70%<\/td><\/tr><\/tfoot><\/table><\/figure>\n\n\n\n<div style=\"height:28px\" aria-hidden=\"true\" class=\"wp-block-spacer\"><\/div>\n\n\n\n<h2 class=\"wp-block-heading has-text-align-center\"><strong>TARIF<\/strong><\/h2>\n\n\n\n<p style=\"font-size:22px\">Le tarif de CHF 385 comprend :<\/p>\n\n\n\n<ul class=\"wp-block-list\">\n<li style=\"font-size:22px\">Un test d&rsquo;entra\u00eenement<\/li>\n\n\n\n<li style=\"font-size:22px\">Une liste de lectures recommand\u00e9es pour se pr\u00e9parer \u00e0 l&rsquo;examen<\/li>\n\n\n\n<li style=\"font-size:22px\">Une session d&rsquo;examen<\/li>\n<\/ul>\n\n\n\n<div style=\"height:28px\" aria-hidden=\"true\" class=\"wp-block-spacer\"><\/div>\n\n\n\n<div class=\"wp-block-columns is-layout-flex wp-container-core-columns-is-layout-28f84493 wp-block-columns-is-layout-flex\">\n<div class=\"wp-block-column is-layout-flow wp-block-column-is-layout-flow\"><\/div>\n<\/div>\n\n\n\n<div style=\"height:28px\" aria-hidden=\"true\" class=\"wp-block-spacer\"><\/div>\n\n\n\n<div class=\"wp-block-columns is-layout-flex wp-container-core-columns-is-layout-28f84493 wp-block-columns-is-layout-flex\">\n<div class=\"wp-block-column is-layout-flow wp-block-column-is-layout-flow\">\n<h3 class=\"wp-block-heading\">Testez vos connaissances en jouant avec l&rsquo;app Watch Essentials <\/h3>\n\n\n\n<figure class=\"wp-block-image size-full\"><img loading=\"lazy\" decoding=\"async\" width=\"1200\" height=\"1200\" src=\"https:\/\/boutique.hautehorlogerie.org\/app\/uploads\/2024\/07\/Watch-Essentials-app.jpg\" alt=\"\" class=\"wp-image-1200\" srcset=\"https:\/\/boutique.hautehorlogerie.org\/app\/uploads\/2024\/07\/Watch-Essentials-app.jpg 1200w, https:\/\/boutique.hautehorlogerie.org\/app\/uploads\/2024\/07\/Watch-Essentials-app-300x300.jpg 300w, https:\/\/boutique.hautehorlogerie.org\/app\/uploads\/2024\/07\/Watch-Essentials-app-1024x1024.jpg 1024w, https:\/\/boutique.hautehorlogerie.org\/app\/uploads\/2024\/07\/Watch-Essentials-app-150x150.jpg 150w, https:\/\/boutique.hautehorlogerie.org\/app\/uploads\/2024\/07\/Watch-Essentials-app-768x768.jpg 768w, https:\/\/boutique.hautehorlogerie.org\/app\/uploads\/2024\/07\/Watch-Essentials-app-562x562.jpg 562w, https:\/\/boutique.hautehorlogerie.org\/app\/uploads\/2024\/07\/Watch-Essentials-app-100x100.jpg 100w\" sizes=\"auto, (max-width: 1200px) 100vw, 1200px\" \/><\/figure>\n\n\n\n<p>L\u2019application ludique pour apprendre toutes les bases de l\u2019horlogerie et son march\u00e9.<br>N\u2019avez-vous jamais r\u00eav\u00e9 de d\u00e9couvrir les rouages secrets d\u2019une montre de Haute Horlogerie ? C\u2019est possible avec Watch Essentials, la nouvelle appli incontournable des inconditionnels de l\u2019horlogerie<\/p>\n\n\n\n<p><a href=\"https:\/\/apps.apple.com\/us\/app\/watch-essentials\/id1141456162\">T\u00e9l\u00e9chargez l&rsquo;application <\/a><\/p>\n<\/div>\n\n\n\n<div class=\"wp-block-column is-layout-flow wp-block-column-is-layout-flow\">\n<h3 class=\"wp-block-heading\">Formation en ligne Watch Essentials Video Series<\/h3>\n\n\n\n<figure class=\"wp-block-image size-full\"><img loading=\"lazy\" decoding=\"async\" width=\"1200\" height=\"1200\" src=\"https:\/\/boutique.hautehorlogerie.org\/app\/uploads\/2024\/07\/Watch-Essentials-Video-Series.jpg\" alt=\"\" class=\"wp-image-1202\" srcset=\"https:\/\/boutique.hautehorlogerie.org\/app\/uploads\/2024\/07\/Watch-Essentials-Video-Series.jpg 1200w, https:\/\/boutique.hautehorlogerie.org\/app\/uploads\/2024\/07\/Watch-Essentials-Video-Series-300x300.jpg 300w, https:\/\/boutique.hautehorlogerie.org\/app\/uploads\/2024\/07\/Watch-Essentials-Video-Series-1024x1024.jpg 1024w, https:\/\/boutique.hautehorlogerie.org\/app\/uploads\/2024\/07\/Watch-Essentials-Video-Series-150x150.jpg 150w, https:\/\/boutique.hautehorlogerie.org\/app\/uploads\/2024\/07\/Watch-Essentials-Video-Series-768x768.jpg 768w, https:\/\/boutique.hautehorlogerie.org\/app\/uploads\/2024\/07\/Watch-Essentials-Video-Series-562x562.jpg 562w, https:\/\/boutique.hautehorlogerie.org\/app\/uploads\/2024\/07\/Watch-Essentials-Video-Series-100x100.jpg 100w\" sizes=\"auto, (max-width: 1200px) 100vw, 1200px\" \/><\/figure>\n\n\n\n<p>La formation en ligne Watch Essentials Video Series est compos\u00e9e de 9 chapitres au cours desquels vous vous immergerez dans le monde fascinant de la Haute Horlogerie.<br>Tout au long de la formation, vous partirez \u00e0 la rencontre d\u2019horlogers, d\u2019historiens et de sp\u00e9cialistes qui vous livreront avec passion les codes et les cl\u00e9s de l\u2019industrie et ainsi passer au niveau sup\u00e9rieur de la connaissance horlog\u00e8re.<\/p>\n\n\n\n<p><a href=\"https:\/\/boutique.hautehorlogerie.org\/fr\/boutique\/watch-essentials-video-series\/\">En savoir plus<\/a><\/p>\n<\/div>\n\n\n\n<div class=\"wp-block-column is-layout-flow wp-block-column-is-layout-flow\">\n<h3 class=\"wp-block-heading\">Offre group\u00e9e : formation en ligne + FHH Certification<\/h3>\n\n\n\n<figure class=\"wp-block-image size-full\"><img loading=\"lazy\" decoding=\"async\" width=\"616\" height=\"619\" src=\"https:\/\/boutique.hautehorlogerie.org\/app\/uploads\/2025\/06\/Bundle-carre.png\" alt=\"\" class=\"wp-image-1279\" srcset=\"https:\/\/boutique.hautehorlogerie.org\/app\/uploads\/2025\/06\/Bundle-carre.png 616w, https:\/\/boutique.hautehorlogerie.org\/app\/uploads\/2025\/06\/Bundle-carre-300x300.png 300w, https:\/\/boutique.hautehorlogerie.org\/app\/uploads\/2025\/06\/Bundle-carre-150x150.png 150w, https:\/\/boutique.hautehorlogerie.org\/app\/uploads\/2025\/06\/Bundle-carre-562x565.png 562w, https:\/\/boutique.hautehorlogerie.org\/app\/uploads\/2025\/06\/Bundle-carre-100x100.png 100w\" sizes=\"auto, (max-width: 616px) 100vw, 616px\" \/><\/figure>\n\n\n\n<p>Pour vous assurer de ma\u00eetriser les fondamentaux horlogers et de r\u00e9ussir le premier niveau de certification, formez-vous en ligne en suivant la formation \u201cWatch Essentials Video Series\u201d de 3 heures avant de passer l&rsquo;examen.<\/p>\n\n\n\n<p><a href=\"https:\/\/boutique.hautehorlogerie.org\/fr\/boutique\/watch-essentials-video-series-offre-groupee\/\">En savoir plus<\/a><\/p>\n<\/div>\n<\/div>\n\n\n\n<div style=\"height:28px\" aria-hidden=\"true\" class=\"wp-block-spacer\"><\/div>\n\n\n\n<h2 class=\"wp-block-heading\">FAQ<\/h2>\n\n\n\n<div class=\"schema-faq wp-block-yoast-faq-block\"><div class=\"schema-faq-section\" id=\"faq-question-1721233912665\"><strong class=\"schema-faq-question\">Do I have to go to a test center to take any of the tests? <\/strong> <p class=\"schema-faq-answer\">No, the format is digital. The test can be taken from any place. An excellent internet connexion is required.<\/p> <\/div> <div class=\"schema-faq-section\" id=\"faq-question-1721233944583\"><strong class=\"schema-faq-question\">Does the FHH Certification alone includes a training?<\/strong> <p class=\"schema-faq-answer\">No, no training is included. It is a self-studying format.<br\/>Tools are given to the participants upon registration (access to the practice test, reading list, apps)<\/p> <\/div> <div class=\"schema-faq-section\" id=\"faq-question-1734529249951\"><strong class=\"schema-faq-question\">How long after the test are the results available?<\/strong> <p class=\"schema-faq-answer\">The results of the test are published 5 days after it took place.<br\/>You will receive a PDF version by email between 15 and 20 days after, it is indicated in this email that a paper version can also be sent upon request.<\/p> <\/div> <\/div>\n\n\n\n<p class=\"has-text-align-center\"><a href=\"https:\/\/boutique.hautehorlogerie.org\/fr\/questions-frequemment-posees\/\">Voir les questions fr\u00e9quemment pos\u00e9es<\/a><\/p>\n\n\n\n<div style=\"height:28px\" aria-hidden=\"true\" class=\"wp-block-spacer\"><\/div>\n\n\n\n<h2 class=\"wp-block-heading related-title\">Consid\u00e9rez une autre certification<\/h2>\n","protected":false},"excerpt":{"rendered":"<p>Atteignez le plus haut niveau d&rsquo;expertise reconnu par l&rsquo;industrie. Ma\u00eetrisez les connaissances horlog\u00e8res qu&rsquo;un client peut attendre d&rsquo;un professionnel.<\/p>\n","protected":false},"featured_media":700,"template":"","meta":{"_acf_changed":false},"product_brand":[],"product_cat":[31],"product_tag":[],"class_list":{"0":"post-497","1":"product","2":"type-product","3":"status-publish","4":"has-post-thumbnail","6":"product_cat-certifications-fr","8":"first","9":"instock","10":"virtual","11":"sold-individually","12":"taxable","13":"purchasable","14":"product-type-certification"},"acf":[],"_links":{"self":[{"href":"https:\/\/boutique.hautehorlogerie.org\/fr\/wp-json\/wp\/v2\/product\/497","targetHints":{"allow":["GET"]}}],"collection":[{"href":"https:\/\/boutique.hautehorlogerie.org\/fr\/wp-json\/wp\/v2\/product"}],"about":[{"href":"https:\/\/boutique.hautehorlogerie.org\/fr\/wp-json\/wp\/v2\/types\/product"}],"wp:featuredmedia":[{"embeddable":true,"href":"https:\/\/boutique.hautehorlogerie.org\/fr\/wp-json\/wp\/v2\/media\/700"}],"wp:attachment":[{"href":"https:\/\/boutique.hautehorlogerie.org\/fr\/wp-json\/wp\/v2\/media?parent=497"}],"wp:term":[{"taxonomy":"product_brand","embeddable":true,"href":"https:\/\/boutique.hautehorlogerie.org\/fr\/wp-json\/wp\/v2\/product_brand?post=497"},{"taxonomy":"product_cat","embeddable":true,"href":"https:\/\/boutique.hautehorlogerie.org\/fr\/wp-json\/wp\/v2\/product_cat?post=497"},{"taxonomy":"product_tag","embeddable":true,"href":"https:\/\/boutique.hautehorlogerie.org\/fr\/wp-json\/wp\/v2\/product_tag?post=497"}],"curies":[{"name":"wp","href":"https:\/\/api.w.org\/{rel}","templated":true}]}}