{"id":800,"date":"2025-01-23T16:47:47","date_gmt":"2025-01-23T15:47:47","guid":{"rendered":"https:\/\/boutique.hautehorlogerie.org\/store\/watch-essentials-video-series-including-watch-advisor-certification-test-2\/"},"modified":"2025-06-24T17:46:01","modified_gmt":"2025-06-24T15:46:01","slug":"watch-essentials-video-series-offre-groupee","status":"publish","type":"product","link":"https:\/\/boutique.hautehorlogerie.org\/fr\/boutique\/watch-essentials-video-series-offre-groupee\/","title":{"rendered":"WATCH ESSENTIALS VIDEO SERIES, y compris le test FHH WATCH ADVISOR (offre group\u00e9e)"},"content":{"rendered":"\n<div style=\"height:28px\" aria-hidden=\"true\" class=\"wp-block-spacer\"><\/div>\n\n\n\n<div class=\"wp-block-media-text is-stacked-on-mobile is-vertically-aligned-center\"><figure class=\"wp-block-media-text__media\"><img loading=\"lazy\" decoding=\"async\" width=\"616\" height=\"619\" src=\"https:\/\/boutique.hautehorlogerie.org\/app\/uploads\/2025\/06\/Bundle-carre.png\" alt=\"\" class=\"wp-image-1279 size-full\" srcset=\"https:\/\/boutique.hautehorlogerie.org\/app\/uploads\/2025\/06\/Bundle-carre.png 616w, https:\/\/boutique.hautehorlogerie.org\/app\/uploads\/2025\/06\/Bundle-carre-300x300.png 300w, https:\/\/boutique.hautehorlogerie.org\/app\/uploads\/2025\/06\/Bundle-carre-150x150.png 150w, https:\/\/boutique.hautehorlogerie.org\/app\/uploads\/2025\/06\/Bundle-carre-562x565.png 562w, https:\/\/boutique.hautehorlogerie.org\/app\/uploads\/2025\/06\/Bundle-carre-100x100.png 100w\" sizes=\"auto, (max-width: 616px) 100vw, 616px\" \/><\/figure><div class=\"wp-block-media-text__content\">\n<p class=\"has-text-color has-link-color wp-elements-d535255a822cdac9f2a571af6a135e3b\" style=\"color:#68afa9;font-size:22px\"><strong>Dur\u00e9e : 3 heures (formation) + 1 heure<\/strong> <strong>(test)<\/strong><\/p>\n\n\n\n<p style=\"font-size:22px\"><strong>FORMATION EN LIGNE<\/strong><br><br>Pour vous assurer de ma\u00eetriser les fondamentaux horlogers et de r\u00e9ussir le premier niveau de certification FHH Watch Advisor, formez-vous en ligne en suivant la formation \u201cWatch Essentials Video Series\u201d de 3 heures avant de passer l&rsquo;examen.<\/p>\n\n\n\n<p style=\"font-size:22px\">Cette formation est compos\u00e9e de 9 chapitres au cours desquels vous vous immergerez dans le monde fascinant de la haute horlogerie.<\/p>\n\n\n\n<p style=\"font-size:22px\">Tout au long de la formation, vous partirez \u00e0 la rencontre d\u2019horlogers, d&rsquo;historiens et de sp\u00e9cialistes qui vous livreront avec passion les codes et les cl\u00e9s de l&rsquo;industrie et ainsi passer au niveau sup\u00e9rieur de la connaissance horlog\u00e8re !<\/p>\n<\/div><\/div>\n\n\n\n<div style=\"height:28px\" aria-hidden=\"true\" class=\"wp-block-spacer\"><\/div>\n\n\n\n<div class=\"wp-block-media-text has-media-on-the-right is-stacked-on-mobile is-vertically-aligned-center\"><div class=\"wp-block-media-text__content\">\n<p style=\"font-size:22px\"><strong><strong>CERTIFICATION EN LIGNE (test FHH Watch Advisor) <\/strong><\/strong><br><br>La formation en ligne Watch Essentials Video Series vous <a href=\"https:\/\/boutique.hautehorlogerie.org\/fr\/boutique\/test-fhh-watch-advisor\/\">conduit au niveau FHH Watch Advisor<\/a>, le premier du parcours de la FHH Certification. Le test se fait en ligne apr\u00e8s avoir suivi la formation.<\/p>\n<\/div><figure class=\"wp-block-media-text__media\"><img loading=\"lazy\" decoding=\"async\" width=\"1024\" height=\"1024\" src=\"https:\/\/boutique.hautehorlogerie.org\/app\/uploads\/2024\/07\/Watch-Advisor-FR-1024x1024.jpg\" alt=\"\" class=\"wp-image-1250 size-full\" srcset=\"https:\/\/boutique.hautehorlogerie.org\/app\/uploads\/2024\/07\/Watch-Advisor-FR-1024x1024.jpg 1024w, https:\/\/boutique.hautehorlogerie.org\/app\/uploads\/2024\/07\/Watch-Advisor-FR-300x300.jpg 300w, https:\/\/boutique.hautehorlogerie.org\/app\/uploads\/2024\/07\/Watch-Advisor-FR-150x150.jpg 150w, https:\/\/boutique.hautehorlogerie.org\/app\/uploads\/2024\/07\/Watch-Advisor-FR-768x768.jpg 768w, https:\/\/boutique.hautehorlogerie.org\/app\/uploads\/2024\/07\/Watch-Advisor-FR-562x562.jpg 562w, https:\/\/boutique.hautehorlogerie.org\/app\/uploads\/2024\/07\/Watch-Advisor-FR-100x100.jpg 100w, https:\/\/boutique.hautehorlogerie.org\/app\/uploads\/2024\/07\/Watch-Advisor-FR.jpg 1200w\" sizes=\"auto, (max-width: 1024px) 100vw, 1024px\" \/><\/figure><\/div>\n\n\n\n<div style=\"height:100px\" aria-hidden=\"true\" class=\"wp-block-spacer\"><\/div>\n\n\n\n<div class=\"wp-block-columns is-layout-flex wp-container-core-columns-is-layout-28f84493 wp-block-columns-is-layout-flex\">\n<div class=\"wp-block-column is-layout-flow wp-block-column-is-layout-flow\" style=\"flex-basis:15%\"><\/div>\n\n\n\n<div class=\"wp-block-column is-layout-flow wp-block-column-is-layout-flow\" style=\"flex-basis:70%\">\n<figure class=\"wp-block-embed is-type-video is-provider-youtube wp-block-embed-youtube wp-embed-aspect-16-9 wp-has-aspect-ratio\"><div class=\"wp-block-embed__wrapper\">\n<iframe loading=\"lazy\" title=\"Watch Essentials | Ma\u00eetriser l&#039;art de la Haute Horlogerie\" width=\"500\" height=\"281\" src=\"https:\/\/www.youtube.com\/embed\/JS3LBqtJCGw?feature=oembed\" frameborder=\"0\" allow=\"accelerometer; autoplay; clipboard-write; encrypted-media; gyroscope; picture-in-picture; web-share\" referrerpolicy=\"strict-origin-when-cross-origin\" allowfullscreen><\/iframe>\n<\/div><\/figure>\n<\/div>\n\n\n\n<div class=\"wp-block-column is-layout-flow wp-block-column-is-layout-flow\" style=\"flex-basis:15%\"><\/div>\n<\/div>\n\n\n\n<div style=\"height:28px\" aria-hidden=\"true\" class=\"wp-block-spacer\"><\/div>\n\n\n\n<p style=\"font-size:22px\"><strong>Acc\u00e8s \u00e0 la formation et modalit\u00e9s de certification<\/strong><br>La formation est disponible pour l&rsquo;apprenant pendant 60 jours \u00e0 partir de la date d&rsquo;achat. La certification FHH n&rsquo;est pas soumise au d\u00e9lai de 60 jours et peut \u00eatre pass\u00e9e \u00e0 tout moment. Cependant, nous recommandons de la passer dans les trois mois suivant la fin de la formation.<\/p>\n","protected":false},"excerpt":{"rendered":"<p data-start=\"0\" data-end=\"412\"><strong data-start=\"0\" data-end=\"111\">D\u00e9couvrez les fondamentaux fascinants de la haute horlogerie avec notre s\u00e9rie de vid\u00e9os <em data-start=\"90\" data-end=\"108\">Watch Essentials<\/em>.<\/strong><br data-start=\"111\" data-end=\"114\" \/>Ce cours de formation en ligne est compos\u00e9 de 9 chapitres, au cours desquels vous rencontrerez des horlogers, des historiens et des sp\u00e9cialistes partageant avec passion les codes et les cl\u00e9s pour approfondir vos connaissances. Id\u00e9al pour acqu\u00e9rir des bases solides dans l&rsquo;univers de l&rsquo;horlogerie.<\/p>\n<p data-start=\"414\" data-end=\"636\" data-is-last-node=\"\" data-is-only-node=\"\"><strong data-start=\"414\" data-end=\"428\">En plus :<\/strong> Acc\u00e9dez au test de certification <em data-start=\"462\" data-end=\"477\" data-is-only-node=\"\">Watch Advisor<\/em>, programm\u00e9 \u00e0 la fin de votre formation. Ce test validera officiellement vos connaissances et vous permettra de vous d\u00e9marquer avec une certification reconnue.<\/p>\n","protected":false},"featured_media":1335,"template":"","meta":{"_acf_changed":false},"product_brand":[],"product_cat":[49],"product_tag":[],"class_list":{"0":"post-800","1":"product","2":"type-product","3":"status-publish","4":"has-post-thumbnail","6":"product_cat-formation-en-ligne","8":"first","9":"instock","10":"virtual","11":"sold-individually","12":"taxable","13":"purchasable","14":"product-type-woosb"},"acf":[],"_links":{"self":[{"href":"https:\/\/boutique.hautehorlogerie.org\/fr\/wp-json\/wp\/v2\/product\/800","targetHints":{"allow":["GET"]}}],"collection":[{"href":"https:\/\/boutique.hautehorlogerie.org\/fr\/wp-json\/wp\/v2\/product"}],"about":[{"href":"https:\/\/boutique.hautehorlogerie.org\/fr\/wp-json\/wp\/v2\/types\/product"}],"wp:featuredmedia":[{"embeddable":true,"href":"https:\/\/boutique.hautehorlogerie.org\/fr\/wp-json\/wp\/v2\/media\/1335"}],"wp:attachment":[{"href":"https:\/\/boutique.hautehorlogerie.org\/fr\/wp-json\/wp\/v2\/media?parent=800"}],"wp:term":[{"taxonomy":"product_brand","embeddable":true,"href":"https:\/\/boutique.hautehorlogerie.org\/fr\/wp-json\/wp\/v2\/product_brand?post=800"},{"taxonomy":"product_cat","embeddable":true,"href":"https:\/\/boutique.hautehorlogerie.org\/fr\/wp-json\/wp\/v2\/product_cat?post=800"},{"taxonomy":"product_tag","embeddable":true,"href":"https:\/\/boutique.hautehorlogerie.org\/fr\/wp-json\/wp\/v2\/product_tag?post=800"}],"curies":[{"name":"wp","href":"https:\/\/api.w.org\/{rel}","templated":true}]}}